{"id":27729,"date":"2025-09-30T01:21:39","date_gmt":"2025-09-30T01:21:39","guid":{"rendered":"https:\/\/ecloud.solutions\/?page_id=27729"},"modified":"2025-09-30T01:26:41","modified_gmt":"2025-09-30T01:26:41","slug":"eucm-lead-es","status":"publish","type":"page","link":"https:\/\/ecloud.solutions\/es\/eucm-lead-es\/","title":{"rendered":"eUCM lead-es"},"content":{"rendered":"<div data-elementor-type=\"wp-page\" data-elementor-id=\"27729\" class=\"elementor elementor-27729\">\n\t\t\t\t\t\t<div class=\"elementor-section elementor-top-section elementor-element elementor-element-8bce23f elementor-section-stretched elementor-section-full_width elementor-section-height-default elementor-section-height-default\" data-id=\"8bce23f\" data-element_type=\"section\" data-e-type=\"section\" data-settings=\"{&quot;stretch_section&quot;:&quot;section-stretched&quot;,&quot;background_background&quot;:&quot;classic&quot;}\">\n\t\t\t\t\t\t<div class=\"elementor-container elementor-column-gap-default\">\n\t\t\t\t\t<div class=\"elementor-column elementor-col-100 elementor-top-column elementor-element elementor-element-8348412 layouts-column-align-inherit layouts-section-position-none\" data-id=\"8348412\" data-element_type=\"column\" data-e-type=\"column\">\n\t\t\t<div class=\"elementor-widget-wrap elementor-element-populated\">\n\t\t\t\t\t\t<section class=\"elementor-section elementor-inner-section elementor-element elementor-element-7d95591 elementor-section-boxed elementor-section-height-default elementor-section-height-default\" data-id=\"7d95591\" data-element_type=\"section\" data-e-type=\"section\" data-settings=\"{&quot;background_background&quot;:&quot;classic&quot;}\">\n\t\t\t\t\t\t<div class=\"elementor-container elementor-column-gap-default\">\n\t\t\t\t\t<div class=\"elementor-column elementor-col-50 elementor-inner-column elementor-element elementor-element-3500005 layouts-column-align-inherit layouts-section-position-none\" data-id=\"3500005\" data-element_type=\"column\" data-e-type=\"column\">\n\t\t\t<div class=\"elementor-widget-wrap elementor-element-populated\">\n\t\t\t\t\t\t<div class=\"hf-elementor-layout elementor-element elementor-element-2751173 elementor-widget elementor-widget-section_title\" data-id=\"2751173\" data-element_type=\"widget\" data-e-type=\"widget\" data-widget_type=\"section_title.default\">\n\t\t\t\t<div class=\"elementor-widget-container\">\n\t\t\t\t\t\n\t<div class=\"center iq-title-box iq-title-default iq-title-box-2\">\n\t\t<div class=\"iq-title-icon\">\n\t\t\t<i aria-hidden=\"true\" class=\"\"><\/i>\t\t<\/div>\n\t\t  \t\t<h2 class=\"iq-title\" >\n\t\t    \ud83d\ude80 Haz que tu empresa se escuche como una gran empresa\t\t<\/h2>\n\t\t<span class=\"iq-subtitle\">Cont\u00e1ctenos<\/span><p class=\"iq-title-desc\">Con eUCM IP-PBX proyecta una imagen profesional desde el primer contacto. Centraliza tus llamadas, crea extensiones personalizadas y ofrece una experiencia corporativa sin necesidad de grandes inversiones. Registra tus datos y te ayudamos a activar tu sistema en minutos.<\/p>\t<\/div>\n  \t\t\t\t<\/div>\n\t\t\t\t<\/div>\n\t\t\t\t<div class=\"hf-elementor-layout elementor-element elementor-element-5d00871 elementor-widget__width-auto elementor-widget elementor-widget-iqonic_icon_box\" data-id=\"5d00871\" data-element_type=\"widget\" data-e-type=\"widget\" data-widget_type=\"iqonic_icon_box.default\">\n\t\t\t\t<div class=\"elementor-widget-container\">\n\t\t\t\t\t    <div class=\"iq-icon-box iq-icon-box-style-2\">\n\t\n\t<div class=\"icon-box-img\">\n\t\t<img data-recalc-dims=\"1\" decoding=\"async\" src=\"https:\/\/i0.wp.com\/ecloud.solutions\/wp-content\/uploads\/2022\/05\/Group-35627.png?ssl=1\" title=\"Group 35627\" alt=\"img\" loading=\"lazy\" \/>\t<\/div>\n\t\t\t\n\t<div class=\"icon-box-content\">\n\t\t\t\t\t\t\n\t\t         \t<\/div>\n\t\n <\/div>\n\t\t\t\t<\/div>\n\t\t\t\t<\/div>\n\t\t\t\t<div class=\"hf-elementor-layout elementor-element elementor-element-d1859fc elementor-widget__width-auto elementor-widget elementor-widget-text-editor\" data-id=\"d1859fc\" data-element_type=\"widget\" data-e-type=\"widget\" data-widget_type=\"text-editor.default\">\n\t\t\t\t<div class=\"elementor-widget-container\">\n\t\t\t\t\t\t\t\t\t<p class=\"m-0 p-0 pb-1 border-bottom\">Si\u00e9ntase libre de contactarnos hoy mismo<\/p><h5 class=\"mt-2\">Llama: <a href=\"tel:+1 (919) 781 1553\"> +1 (919) 781 1553<\/a><\/h5>\t\t\t\t\t\t\t\t<\/div>\n\t\t\t\t<\/div>\n\t\t\t\t\t<\/div>\n\t\t<\/div>\n\t\t\t\t<div class=\"elementor-column elementor-col-50 elementor-inner-column elementor-element elementor-element-d4e1533 layouts-column-align-inherit layouts-section-position-none\" data-id=\"d4e1533\" data-element_type=\"column\" data-e-type=\"column\" data-settings=\"{&quot;background_background&quot;:&quot;classic&quot;}\">\n\t\t\t<div class=\"elementor-widget-wrap elementor-element-populated\">\n\t\t\t\t\t\t<div class=\"hf-elementor-layout elementor-element elementor-element-3b2de66 elementor-widget elementor-widget-tp-contact-form-7\" data-id=\"3b2de66\" data-element_type=\"widget\" data-e-type=\"widget\" data-widget_type=\"tp-contact-form-7.default\">\n\t\t\t\t<div class=\"elementor-widget-container\">\n\t\t\t\t\t<div class=\"theplus-contact-form plus-cf7-custom  text-left    after\" >\n<div class=\"wpcf7 no-js\" id=\"wpcf7-f27711-p27729-o1\" lang=\"en-US\" dir=\"ltr\" data-wpcf7-id=\"27711\">\n<div class=\"screen-reader-response\"><p role=\"status\" aria-live=\"polite\" aria-atomic=\"true\"><\/p> <ul><\/ul><\/div>\n<form action=\"\/es\/eucm-lead-es\/#wpcf7-f27711-p27729-o1\" method=\"post\" class=\"wpcf7-form init\" aria-label=\"Contact form\" novalidate=\"novalidate\" data-status=\"init\" data-no-translation-aria-label=\"\" data-trp-original-action=\"\/es\/eucm-lead-es\/#wpcf7-f27711-p27729-o1\">\n<fieldset class=\"hidden-fields-container\"><input type=\"hidden\" name=\"_wpcf7\" value=\"27711\" \/><input type=\"hidden\" name=\"_wpcf7_version\" value=\"6.1.5\" \/><input type=\"hidden\" name=\"_wpcf7_locale\" value=\"en_US\" \/><input type=\"hidden\" name=\"_wpcf7_unit_tag\" value=\"wpcf7-f27711-p27729-o1\" \/><input type=\"hidden\" name=\"_wpcf7_container_post\" value=\"27729\" \/><input type=\"hidden\" name=\"_wpcf7_posted_data_hash\" value=\"\" \/>\n<\/fieldset>\n<p><label> Your name:<br \/>\n<span class=\"wpcf7-form-control-wrap\" data-name=\"your-name\"><input size=\"40\" maxlength=\"400\" class=\"wpcf7-form-control wpcf7-text wpcf7-validates-as-required\" autocomplete=\"name\" aria-required=\"true\" aria-invalid=\"false\" value=\"\" type=\"text\" name=\"your-name\" \/><\/span> <\/label>\n<\/p>\n<p><label> Your phone number:<br \/>\n<span class=\"wpcf7-form-control-wrap\" data-name=\"tel-404\"><input size=\"40\" maxlength=\"11\" minlength=\"10\" class=\"wpcf7-form-control wpcf7-tel wpcf7-validates-as-required wpcf7-text wpcf7-validates-as-tel\" autocomplete=\"tel\" aria-required=\"true\" aria-invalid=\"false\" value=\"\" type=\"tel\" name=\"tel-404\" \/><\/span> <\/label>\n<\/p>\n<p><label> Your email:<br \/>\n<span class=\"wpcf7-form-control-wrap\" data-name=\"your-email\"><input size=\"40\" maxlength=\"400\" class=\"wpcf7-form-control wpcf7-email wpcf7-validates-as-required wpcf7-text wpcf7-validates-as-email\" autocomplete=\"email\" aria-required=\"true\" aria-invalid=\"false\" value=\"\" type=\"email\" name=\"your-email\" \/><\/span> <\/label>\n<\/p>\n<p><label> Quantity of users\/extensions:<br \/>\n<span class=\"wpcf7-form-control-wrap\" data-name=\"select-742\"><select class=\"wpcf7-form-control wpcf7-select wpcf7-validates-as-required\" aria-required=\"true\" aria-invalid=\"false\" name=\"select-742\"><option value=\"Users: 1\">Users: 1<\/option><option value=\"Users: 2 - 5\">Users: 2 - 5<\/option><option value=\"Users: 6 - 10\">Users: 6 - 10<\/option><option value=\"Users: 10 - 20\">Users: 10 - 20<\/option><option value=\"Users: 21 - 40\">Users: 21 - 40<\/option><option value=\"Users: 41 - 80\">Users: 41 - 80<\/option><option value=\"Users: +81\">Users: +81<\/option><\/select><\/span> <\/label>\n<\/p>\n<p><label> Your message (optional)<br \/>\n<span class=\"wpcf7-form-control-wrap\" data-name=\"your-message\"><textarea cols=\"40\" rows=\"10\" maxlength=\"2000\" class=\"wpcf7-form-control wpcf7-textarea wpcf7-validates-as-required\" aria-required=\"true\" aria-invalid=\"false\" name=\"your-message\"><\/textarea><\/span> <\/label>\n<\/p>\n<p><input class=\"wpcf7-form-control wpcf7-submit has-spinner\" type=\"submit\" value=\"Submit\" \/>\n<\/p><div class=\"wpcf7-response-output\" aria-hidden=\"true\"><\/div>\n<input type=\"hidden\" name=\"trp-form-language\" value=\"es\"\/><\/form>\n<\/div>\n<\/div>\t\t\t\t<\/div>\n\t\t\t\t<\/div>\n\t\t\t\t\t<\/div>\n\t\t<\/div>\n\t\t\t\t\t<\/div>\n\t\t<\/section>\n\t\t\t\t\t<\/div>\n\t\t<\/div>\n\t\t\t\t\t<\/div>\n\t\t<\/div>\n\t\t\t\t<div class=\"elementor-section elementor-top-section elementor-element elementor-element-19cbbf23 elementor-section-stretched elementor-section-full_width elementor-section-height-default elementor-section-height-default\" data-id=\"19cbbf23\" data-element_type=\"section\" data-e-type=\"section\" data-settings=\"{&quot;stretch_section&quot;:&quot;section-stretched&quot;,&quot;background_background&quot;:&quot;classic&quot;}\">\n\t\t\t\t\t\t<div class=\"elementor-container elementor-column-gap-default\">\n\t\t\t\t\t<div class=\"elementor-column elementor-col-100 elementor-top-column elementor-element elementor-element-4a76d40e layouts-column-align-inherit layouts-section-position-none\" data-id=\"4a76d40e\" data-element_type=\"column\" data-e-type=\"column\">\n\t\t\t<div class=\"elementor-widget-wrap elementor-element-populated\">\n\t\t\t\t\t\t<div class=\"elementor-section elementor-inner-section elementor-element elementor-element-b2a839b elementor-section-content-middle elementor-section-boxed elementor-section-height-default elementor-section-height-default\" data-id=\"b2a839b\" data-element_type=\"section\" data-e-type=\"section\">\n\t\t\t\t\t\t<div class=\"elementor-container elementor-column-gap-default\">\n\t\t\t\t\t<div class=\"elementor-column elementor-col-50 elementor-inner-column elementor-element elementor-element-789ab205 layouts-column-align-inherit layouts-section-position-none\" data-id=\"789ab205\" data-element_type=\"column\" data-e-type=\"column\" data-settings=\"{&quot;animation&quot;:&quot;none&quot;}\">\n\t\t\t<div class=\"elementor-widget-wrap elementor-element-populated\">\n\t\t\t\t\t\t<div class=\"hf-elementor-layout elementor-element elementor-element-69fc1718 elementor-widget elementor-widget-image\" data-id=\"69fc1718\" data-element_type=\"widget\" data-e-type=\"widget\" data-widget_type=\"image.default\">\n\t\t\t\t<div class=\"elementor-widget-container\">\n\t\t\t\t\t\t\t\t\t\t\t\t\t\t\t<img loading=\"lazy\" decoding=\"async\" width=\"629\" height=\"553\" src=\"https:\/\/i0.wp.com\/ecloud.solutions\/wp-content\/uploads\/2022\/06\/ezgif.com-gif-maker.webp?fit=629%2C553&amp;ssl=1\" class=\"attachment-full size-full wp-image-25112\" alt=\"img\" srcset=\"https:\/\/i0.wp.com\/ecloud.solutions\/wp-content\/uploads\/2022\/06\/ezgif.com-gif-maker.webp?w=629&amp;ssl=1 629w, https:\/\/i0.wp.com\/ecloud.solutions\/wp-content\/uploads\/2022\/06\/ezgif.com-gif-maker.webp?resize=300%2C264&amp;ssl=1 300w\" sizes=\"auto, (min-width: 960px) 75vw, 100vw\" \/>\t\t\t\t\t\t\t\t\t\t\t\t\t\t\t<\/div>\n\t\t\t\t<\/div>\n\t\t\t\t\t<\/div>\n\t\t<\/div>\n\t\t\t\t<div class=\"elementor-column elementor-col-50 elementor-inner-column elementor-element elementor-element-552d78a8 layouts-column-align-inherit layouts-section-position-none\" data-id=\"552d78a8\" data-element_type=\"column\" data-e-type=\"column\">\n\t\t\t<div class=\"elementor-widget-wrap elementor-element-populated\">\n\t\t\t\t\t\t<div class=\"hf-elementor-layout elementor-element elementor-element-47ea38ee elementor-widget elementor-widget-section_title\" data-id=\"47ea38ee\" data-element_type=\"widget\" data-e-type=\"widget\" data-widget_type=\"section_title.default\">\n\t\t\t\t<div class=\"elementor-widget-container\">\n\t\t\t\t\t\t<div class=\"left iq-title-box iq-title-default iq-title-box-1\">\n\t\t<div class=\"iq-title-icon\">\n\t\t\t\t\t<\/div>\n\t\t\t<span class=\"iq-subtitle iq-title-box-1\">Nosotros<\/span>\t\t<h2 class=\"iq-title\" >\n\t\t\t\u2601\ufe0f La nube <br> no es solo para las grandes empresas\t\t<\/h2>\n\t\t\t<p class=\"iq-title-desc\">En eCloud Solutions ayudamos a peque\u00f1as y medianas empresas a aprovechar el poder de la nube para comunicarse y operar como grandes corporaciones. Con nuestra soluci\u00f3n eUCM IP-PBX, obtienes movilidad total, imagen profesional y herramientas avanzadas sin necesidad de grandes inversiones.<\/p>\t<\/div>\n    \t\t\t\t<\/div>\n\t\t\t\t<\/div>\n\t\t\t\t<div class=\"hf-elementor-layout elementor-element elementor-element-57e2cd8 elementor-widget elementor-widget-iqonic_icon_box\" data-id=\"57e2cd8\" data-element_type=\"widget\" data-e-type=\"widget\" data-widget_type=\"iqonic_icon_box.default\">\n\t\t\t\t<div class=\"elementor-widget-container\">\n\t\t\t\t\t\n    <div class=\"iq-icon-box iq-icon-box-style-10\">\n        <div class=\"icon-box-img\">\n        <img data-recalc-dims=\"1\" decoding=\"async\" src=\"https:\/\/i0.wp.com\/ecloud.solutions\/wp-content\/uploads\/2022\/05\/image-62-Traced.png?ssl=1\" title=\"imagen 62 (Trazada)\" alt=\"img\" loading=\"lazy\" \/>        <\/div>\n        <div class=\"iq-content-wrapper\">\n                        <h6 class=\"icon-box-title\"> \n                    <a >\n                        \ud83d\udca1 Adem\u00e1s, contar\u00e1s con el acompa\u00f1amiento de un consultor experto                    <\/a>\n                <\/h6>   \n                                    <p class=\"icon-box-desc\"> <br> que te guiar\u00e1 en la implementaci\u00f3n de mejores pr\u00e1cticas tecnol\u00f3gicas, asegurando que cada paso est\u00e9 alineado con tus objetivos de crecimiento y eficiencia. <\/p>\n                        \n    \n     \n        <\/div>\n            <\/div>\n\t\t\t\t<\/div>\n\t\t\t\t<\/div>\n\t\t\t\t<div class=\"hf-elementor-layout elementor-element elementor-element-54516af5 elementor-widget elementor-widget-iq_button\" data-id=\"54516af5\" data-element_type=\"widget\" data-e-type=\"widget\" data-widget_type=\"iq_button.default\">\n\t\t\t\t<div class=\"elementor-widget-container\">\n\t\t\t\t\t <div class=\"iq-btn-container\" >\n\n     <a class=\"iq-button-animated has-icon btn-icon-right\" href=\"https:\/\/ecloud.solutions\/es\/eucm-lead-es\/\" >  \n          \n                <span class=\"btn_text-main\"> \n                    <span class=\"btn_text one\">Explore More <\/span>\n                    <span class=\"btn_text two\">Explore More <\/span>\n                <\/span>                 <span class=\"btn-icon\">\n                    <svg xmlns=\"http:\/\/www.w3.org\/2000\/svg\" xmlns:xlink=\"http:\/\/www.w3.org\/1999\/xlink\" x=\"0px\" y=\"0px\" width=\"10px\" height=\"10px\" viewbox=\"0 0 10 10\" enable-background=\"new 0 0 10 10\" xml:space=\"preserve\"><line fill=\"none\" stroke=\"#fff\" stroke-width=\"1.5\" stroke-miterlimit=\"10\" x1=\"6.052\" y1=\"3.933\" x2=\"0.953\" y2=\"9.031\"><\/line><line fill=\"none\" stroke=\"#fff\" stroke-width=\"1.5\" stroke-miterlimit=\"10\" x1=\"2.312\" y1=\"1.241\" x2=\"9.313\" y2=\"1.241\"><\/line><line fill=\"none\" stroke=\"#fff\" stroke-width=\"1.5\" stroke-miterlimit=\"10\" x1=\"8.609\" y1=\"0.501\" x2=\"8.609\" y2=\"7.5\"><\/line><\/svg>\n                <\/span> \n                 \n\n    <\/a>\n<\/div>\n\t\t\t\t<\/div>\n\t\t\t\t<\/div>\n\t\t\t\t\t<\/div>\n\t\t<\/div>\n\t\t\t\t\t<\/div>\n\t\t<\/div>\n\t\t\t\t\t<\/div>\n\t\t<\/div>\n\t\t\t\t\t<\/div>\n\t\t<\/div>\n\t\t\t\t<\/div>","protected":false},"excerpt":{"rendered":"<p>\ud83d\ude80 Haz que tu empresa se escuche como una gran empresa Cont\u00e1ctenos Con eUCM IP-PBX proyecta una imagen profesional desde el primer contacto. Centraliza tus llamadas, crea extensiones personalizadas y ofrece una experiencia corporativa sin necesidad de grandes inversiones. Registra tus datos y te ayudamos a activar tu sistema en minutos. Si\u00e9ntase libre de contactarnos [&hellip;]<\/p>\n","protected":false},"author":1,"featured_media":0,"parent":0,"menu_order":0,"comment_status":"closed","ping_status":"closed","template":"","meta":{"_acf_changed":false,"nf_dc_page":"","content-type":"","om_disable_all_campaigns":false,"footnotes":""},"class_list":["post-27729","page","type-page","status-publish","hentry"],"acf":[],"yoast_head":"<!-- This site is optimized with the Yoast SEO plugin v27.4 - https:\/\/yoast.com\/product\/yoast-seo-wordpress\/ -->\n<title>eUCM lead-es - ecloud.solution<\/title>\n<meta name=\"robots\" content=\"index, follow, max-snippet:-1, max-image-preview:large, max-video-preview:-1\" \/>\n<link rel=\"canonical\" href=\"https:\/\/ecloud.solutions\/es\/eucm-lead-es\/\" \/>\n<meta property=\"og:locale\" content=\"es_ES\" \/>\n<meta property=\"og:type\" content=\"article\" \/>\n<meta property=\"og:title\" content=\"eUCM lead-es - ecloud.solution\" \/>\n<meta property=\"og:description\" content=\"\ud83d\ude80 Haz que tu empresa se escuche como una gran empresa Cont\u00e1ctenos Con eUCM IP-PBX proyecta una imagen profesional desde el primer contacto. Centraliza tus llamadas, crea extensiones personalizadas y ofrece una experiencia corporativa sin necesidad de grandes inversiones. Registra tus datos y te ayudamos a activar tu sistema en minutos. Si\u00e9ntase libre de contactarnos [&hellip;]\" \/>\n<meta property=\"og:url\" content=\"https:\/\/ecloud.solutions\/es\/eucm-lead-es\/\" \/>\n<meta property=\"og:site_name\" content=\"ecloud.solution\" \/>\n<meta property=\"article:modified_time\" content=\"2025-09-30T01:26:41+00:00\" \/>\n<meta property=\"og:image\" content=\"https:\/\/ecloud.solutions\/wp-content\/uploads\/2022\/05\/Group-35627.png\" \/>\n<meta name=\"twitter:card\" content=\"summary_large_image\" \/>\n<meta name=\"twitter:label1\" content=\"Tiempo de lectura\" \/>\n\t<meta name=\"twitter:data1\" content=\"2 minutos\" \/>\n<script type=\"application\/ld+json\" class=\"yoast-schema-graph\">{\"@context\":\"https:\\\/\\\/schema.org\",\"@graph\":[{\"@type\":\"WebPage\",\"@id\":\"https:\\\/\\\/ecloud.solutions\\\/eucm-lead-es\\\/\",\"url\":\"https:\\\/\\\/ecloud.solutions\\\/eucm-lead-es\\\/\",\"name\":\"eUCM lead-es - ecloud.solution\",\"isPartOf\":{\"@id\":\"http:\\\/\\\/box5225.temp.domains\\\/~wvvjdomy\\\/ecloud\\\/#website\"},\"primaryImageOfPage\":{\"@id\":\"https:\\\/\\\/ecloud.solutions\\\/eucm-lead-es\\\/#primaryimage\"},\"image\":{\"@id\":\"https:\\\/\\\/ecloud.solutions\\\/eucm-lead-es\\\/#primaryimage\"},\"thumbnailUrl\":\"https:\\\/\\\/ecloud.solutions\\\/wp-content\\\/uploads\\\/2022\\\/05\\\/Group-35627.png\",\"datePublished\":\"2025-09-30T01:21:39+00:00\",\"dateModified\":\"2025-09-30T01:26:41+00:00\",\"breadcrumb\":{\"@id\":\"https:\\\/\\\/ecloud.solutions\\\/eucm-lead-es\\\/#breadcrumb\"},\"inLanguage\":\"es-CO\",\"potentialAction\":[{\"@type\":\"ReadAction\",\"target\":[\"https:\\\/\\\/ecloud.solutions\\\/eucm-lead-es\\\/\"]}]},{\"@type\":\"ImageObject\",\"inLanguage\":\"es-CO\",\"@id\":\"https:\\\/\\\/ecloud.solutions\\\/eucm-lead-es\\\/#primaryimage\",\"url\":\"https:\\\/\\\/ecloud.solutions\\\/wp-content\\\/uploads\\\/2022\\\/05\\\/Group-35627.png\",\"contentUrl\":\"https:\\\/\\\/ecloud.solutions\\\/wp-content\\\/uploads\\\/2022\\\/05\\\/Group-35627.png\"},{\"@type\":\"BreadcrumbList\",\"@id\":\"https:\\\/\\\/ecloud.solutions\\\/eucm-lead-es\\\/#breadcrumb\",\"itemListElement\":[{\"@type\":\"ListItem\",\"position\":1,\"name\":\"Home\",\"item\":\"https:\\\/\\\/ecloud.solutions\\\/\"},{\"@type\":\"ListItem\",\"position\":2,\"name\":\"eUCM lead-es\"}]},{\"@type\":\"WebSite\",\"@id\":\"http:\\\/\\\/box5225.temp.domains\\\/~wvvjdomy\\\/ecloud\\\/#website\",\"url\":\"http:\\\/\\\/box5225.temp.domains\\\/~wvvjdomy\\\/ecloud\\\/\",\"name\":\"ecloud.solution\",\"description\":\"cloud at your fingertips\",\"publisher\":{\"@id\":\"http:\\\/\\\/box5225.temp.domains\\\/~wvvjdomy\\\/ecloud\\\/#organization\"},\"potentialAction\":[{\"@type\":\"SearchAction\",\"target\":{\"@type\":\"EntryPoint\",\"urlTemplate\":\"http:\\\/\\\/box5225.temp.domains\\\/~wvvjdomy\\\/ecloud\\\/?s={search_term_string}\"},\"query-input\":{\"@type\":\"PropertyValueSpecification\",\"valueRequired\":true,\"valueName\":\"search_term_string\"}}],\"inLanguage\":\"es-CO\"},{\"@type\":\"Organization\",\"@id\":\"http:\\\/\\\/box5225.temp.domains\\\/~wvvjdomy\\\/ecloud\\\/#organization\",\"name\":\"ecloud.solution\",\"url\":\"http:\\\/\\\/box5225.temp.domains\\\/~wvvjdomy\\\/ecloud\\\/\",\"logo\":{\"@type\":\"ImageObject\",\"inLanguage\":\"es-CO\",\"@id\":\"http:\\\/\\\/box5225.temp.domains\\\/~wvvjdomy\\\/ecloud\\\/#\\\/schema\\\/logo\\\/image\\\/\",\"url\":\"https:\\\/\\\/i0.wp.com\\\/ecloud.solutions\\\/wp-content\\\/uploads\\\/2022\\\/12\\\/logo-ecloud-solutions-nube-blanca-para-fondo-oscuro.png?fit=409%2C380&ssl=1\",\"contentUrl\":\"https:\\\/\\\/i0.wp.com\\\/ecloud.solutions\\\/wp-content\\\/uploads\\\/2022\\\/12\\\/logo-ecloud-solutions-nube-blanca-para-fondo-oscuro.png?fit=409%2C380&ssl=1\",\"width\":409,\"height\":380,\"caption\":\"ecloud.solution\"},\"image\":{\"@id\":\"http:\\\/\\\/box5225.temp.domains\\\/~wvvjdomy\\\/ecloud\\\/#\\\/schema\\\/logo\\\/image\\\/\"}}]}<\/script>\n<!-- \/ Yoast SEO plugin. -->","yoast_head_json":{"title":"eUCM lead-es - ecloud.solution","robots":{"index":"index","follow":"follow","max-snippet":"max-snippet:-1","max-image-preview":"max-image-preview:large","max-video-preview":"max-video-preview:-1"},"canonical":"https:\/\/ecloud.solutions\/es\/eucm-lead-es\/","og_locale":"es_ES","og_type":"article","og_title":"eUCM lead-es - ecloud.solution","og_description":"\ud83d\ude80 Haz que tu empresa se escuche como una gran empresa Cont\u00e1ctenos Con eUCM IP-PBX proyecta una imagen profesional desde el primer contacto. Centraliza tus llamadas, crea extensiones personalizadas y ofrece una experiencia corporativa sin necesidad de grandes inversiones. Registra tus datos y te ayudamos a activar tu sistema en minutos. Si\u00e9ntase libre de contactarnos [&hellip;]","og_url":"https:\/\/ecloud.solutions\/es\/eucm-lead-es\/","og_site_name":"ecloud.solution","article_modified_time":"2025-09-30T01:26:41+00:00","og_image":[{"url":"https:\/\/ecloud.solutions\/wp-content\/uploads\/2022\/05\/Group-35627.png","type":"","width":"","height":""}],"twitter_card":"summary_large_image","twitter_misc":{"Tiempo de lectura":"2 minutos"},"schema":{"@context":"https:\/\/schema.org","@graph":[{"@type":"WebPage","@id":"https:\/\/ecloud.solutions\/eucm-lead-es\/","url":"https:\/\/ecloud.solutions\/eucm-lead-es\/","name":"eUCM lead-es - ecloud.solution","isPartOf":{"@id":"http:\/\/box5225.temp.domains\/~wvvjdomy\/ecloud\/#website"},"primaryImageOfPage":{"@id":"https:\/\/ecloud.solutions\/eucm-lead-es\/#primaryimage"},"image":{"@id":"https:\/\/ecloud.solutions\/eucm-lead-es\/#primaryimage"},"thumbnailUrl":"https:\/\/ecloud.solutions\/wp-content\/uploads\/2022\/05\/Group-35627.png","datePublished":"2025-09-30T01:21:39+00:00","dateModified":"2025-09-30T01:26:41+00:00","breadcrumb":{"@id":"https:\/\/ecloud.solutions\/eucm-lead-es\/#breadcrumb"},"inLanguage":"es-CO","potentialAction":[{"@type":"ReadAction","target":["https:\/\/ecloud.solutions\/eucm-lead-es\/"]}]},{"@type":"ImageObject","inLanguage":"es-CO","@id":"https:\/\/ecloud.solutions\/eucm-lead-es\/#primaryimage","url":"https:\/\/ecloud.solutions\/wp-content\/uploads\/2022\/05\/Group-35627.png","contentUrl":"https:\/\/ecloud.solutions\/wp-content\/uploads\/2022\/05\/Group-35627.png"},{"@type":"BreadcrumbList","@id":"https:\/\/ecloud.solutions\/eucm-lead-es\/#breadcrumb","itemListElement":[{"@type":"ListItem","position":1,"name":"Home","item":"https:\/\/ecloud.solutions\/"},{"@type":"ListItem","position":2,"name":"eUCM lead-es"}]},{"@type":"WebSite","@id":"http:\/\/box5225.temp.domains\/~wvvjdomy\/ecloud\/#website","url":"http:\/\/box5225.temp.domains\/~wvvjdomy\/ecloud\/","name":"ecloud.solution","description":"cloud at your fingertips","publisher":{"@id":"http:\/\/box5225.temp.domains\/~wvvjdomy\/ecloud\/#organization"},"potentialAction":[{"@type":"SearchAction","target":{"@type":"EntryPoint","urlTemplate":"http:\/\/box5225.temp.domains\/~wvvjdomy\/ecloud\/?s={search_term_string}"},"query-input":{"@type":"PropertyValueSpecification","valueRequired":true,"valueName":"search_term_string"}}],"inLanguage":"es-CO"},{"@type":"Organization","@id":"http:\/\/box5225.temp.domains\/~wvvjdomy\/ecloud\/#organization","name":"ecloud.solution","url":"http:\/\/box5225.temp.domains\/~wvvjdomy\/ecloud\/","logo":{"@type":"ImageObject","inLanguage":"es-CO","@id":"http:\/\/box5225.temp.domains\/~wvvjdomy\/ecloud\/#\/schema\/logo\/image\/","url":"https:\/\/i0.wp.com\/ecloud.solutions\/wp-content\/uploads\/2022\/12\/logo-ecloud-solutions-nube-blanca-para-fondo-oscuro.png?fit=409%2C380&ssl=1","contentUrl":"https:\/\/i0.wp.com\/ecloud.solutions\/wp-content\/uploads\/2022\/12\/logo-ecloud-solutions-nube-blanca-para-fondo-oscuro.png?fit=409%2C380&ssl=1","width":409,"height":380,"caption":"ecloud.solution"},"image":{"@id":"http:\/\/box5225.temp.domains\/~wvvjdomy\/ecloud\/#\/schema\/logo\/image\/"}}]}},"jetpack_sharing_enabled":true,"_links":{"self":[{"href":"https:\/\/ecloud.solutions\/es\/wp-json\/wp\/v2\/pages\/27729","targetHints":{"allow":["GET"]}}],"collection":[{"href":"https:\/\/ecloud.solutions\/es\/wp-json\/wp\/v2\/pages"}],"about":[{"href":"https:\/\/ecloud.solutions\/es\/wp-json\/wp\/v2\/types\/page"}],"author":[{"embeddable":true,"href":"https:\/\/ecloud.solutions\/es\/wp-json\/wp\/v2\/users\/1"}],"replies":[{"embeddable":true,"href":"https:\/\/ecloud.solutions\/es\/wp-json\/wp\/v2\/comments?post=27729"}],"version-history":[{"count":4,"href":"https:\/\/ecloud.solutions\/es\/wp-json\/wp\/v2\/pages\/27729\/revisions"}],"predecessor-version":[{"id":27733,"href":"https:\/\/ecloud.solutions\/es\/wp-json\/wp\/v2\/pages\/27729\/revisions\/27733"}],"wp:attachment":[{"href":"https:\/\/ecloud.solutions\/es\/wp-json\/wp\/v2\/media?parent=27729"}],"curies":[{"name":"wp","href":"https:\/\/api.w.org\/{rel}","templated":true}]}}